{"id":21246,"date":"2025-01-20T10:05:30","date_gmt":"2025-01-20T09:05:30","guid":{"rendered":"https:\/\/courses.fit-up.me\/?page_id=21246"},"modified":"2025-01-21T15:27:44","modified_gmt":"2025-01-21T14:27:44","slug":"impressum","status":"publish","type":"page","link":"https:\/\/courses.fit-up.me\/en\/impressum\/","title":{"rendered":"Imprint"},"content":{"rendered":"<div data-elementor-type=\"wp-page\" data-elementor-id=\"21246\" class=\"elementor elementor-21246\" data-elementor-post-type=\"page\">\n\t\t\t\t<div data-particle_enable=\"false\" data-particle-mobile-disabled=\"false\" class=\"elementor-element elementor-element-45171e2 e-flex e-con-boxed e-con e-parent\" data-id=\"45171e2\" data-element_type=\"container\" data-e-type=\"container\" data-settings=\"{&quot;background_background&quot;:&quot;classic&quot;}\">\n\t\t\t\t\t<div class=\"e-con-inner\">\n\t\t\t\t<div class=\"elementor-element elementor-element-400780c elementor-widget elementor-widget-heading\" data-id=\"400780c\" data-element_type=\"widget\" data-e-type=\"widget\" data-widget_type=\"heading.default\">\n\t\t\t\t\t<h1 class=\"elementor-heading-title elementor-size-default\">Imprint<\/h1>\t\t\t\t<\/div>\n\t\t\t\t\t<\/div>\n\t\t\t\t<\/div>\n\t\t<div data-particle_enable=\"false\" data-particle-mobile-disabled=\"false\" class=\"elementor-element elementor-element-ad47aae e-flex e-con-boxed e-con e-child\" data-id=\"ad47aae\" data-element_type=\"container\" data-e-type=\"container\">\n\t\t\t\t\t<div class=\"e-con-inner\">\n\t\t<div data-particle_enable=\"false\" data-particle-mobile-disabled=\"false\" class=\"elementor-element elementor-element-a69b91d e-con-full e-flex e-con e-child\" data-id=\"a69b91d\" data-element_type=\"container\" data-e-type=\"container\">\n\t\t<div data-particle_enable=\"false\" data-particle-mobile-disabled=\"false\" class=\"elementor-element elementor-element-94b15f3 e-con-full e-flex e-con e-child\" data-id=\"94b15f3\" data-element_type=\"container\" data-e-type=\"container\">\n\t\t<div data-particle_enable=\"false\" data-particle-mobile-disabled=\"false\" class=\"elementor-element elementor-element-9db8e35 e-con-full e-flex e-con e-child\" data-id=\"9db8e35\" data-element_type=\"container\" data-e-type=\"container\">\n\t\t\t\t<div class=\"elementor-element elementor-element-b110817 elementor-widget__width-inherit elementor-widget-tablet__width-inherit elementor-widget-mobile__width-inherit elementor-widget elementor-widget-text-editor\" data-id=\"b110817\" data-element_type=\"widget\" data-e-type=\"widget\" data-widget_type=\"text-editor.default\">\n\t\t\t\t\t\t\t\t\t<p><strong>Fit-Up GmbH<\/strong><br \/>Harrachstra\u00dfe 12, 4020 Linz, Austria<\/p>\t\t\t\t\t\t\t\t<\/div>\n\t\t\t\t<div class=\"elementor-element elementor-element-6798fc9 elementor-widget__width-inherit elementor-widget-tablet__width-inherit elementor-widget-mobile__width-inherit elementor-widget elementor-widget-text-editor\" data-id=\"6798fc9\" data-element_type=\"widget\" data-e-type=\"widget\" data-widget_type=\"text-editor.default\">\n\t\t\t\t\t\t\t\t\t<p><b>Managing Director:<br><\/b>DI (FH) Shahab Daban, MSc<\/p>\t\t\t\t\t\t\t\t<\/div>\n\t\t\t\t<\/div>\n\t\t\t\t<div class=\"elementor-element elementor-element-8c4ad6b elementor-widget-divider--view-line elementor-widget elementor-widget-divider\" data-id=\"8c4ad6b\" data-element_type=\"widget\" data-e-type=\"widget\" data-widget_type=\"divider.default\">\n\t\t\t\t\t\t\t<div class=\"elementor-divider\">\n\t\t\t<span class=\"elementor-divider-separator\">\n\t\t\t\t\t\t<\/span>\n\t\t<\/div>\n\t\t\t\t\t\t<\/div>\n\t\t\t\t<div class=\"elementor-element elementor-element-28c5b78 elementor-widget__width-inherit elementor-widget-tablet__width-inherit elementor-widget-mobile__width-inherit elementor-widget elementor-widget-text-editor\" data-id=\"28c5b78\" data-element_type=\"widget\" data-e-type=\"widget\" data-widget_type=\"text-editor.default\">\n\t\t\t\t\t\t\t\t\t<p>Information on online dispute resolution: Consumers have the possibility to submit complaints to the EU's online dispute resolution platform at: <span style=\"text-decoration: underline;\"><a href=\"http:\/\/ec.europa.eu\/odr.\">http:\/\/ec.europa.eu\/odr<\/a><\/span>. You can also send any complaints to the e-mail addresses given above.<\/p>\t\t\t\t\t\t\t\t<\/div>\n\t\t\t\t<\/div>\n\t\t<div data-particle_enable=\"false\" data-particle-mobile-disabled=\"false\" class=\"elementor-element elementor-element-935a326 e-con-full e-grid e-con e-child\" data-id=\"935a326\" data-element_type=\"container\" data-e-type=\"container\" data-settings=\"{&quot;background_background&quot;:&quot;classic&quot;}\">\n\t\t<div data-particle_enable=\"false\" data-particle-mobile-disabled=\"false\" class=\"elementor-element elementor-element-74fe779 e-con-full animated-fast list-item-ac e-flex elementor-invisible e-con e-child\" data-id=\"74fe779\" data-element_type=\"container\" data-e-type=\"container\" data-settings=\"{&quot;background_background&quot;:&quot;classic&quot;,&quot;animation&quot;:&quot;slideInUp&quot;}\">\n\t\t\t\t<div class=\"elementor-element elementor-element-0e3f59d elementor-widget__width-inherit elementor-view-stacked elementor-position-inline-start elementor-shape-circle elementor-mobile-position-block-start elementor-widget elementor-widget-icon-box\" data-id=\"0e3f59d\" data-element_type=\"widget\" data-e-type=\"widget\" data-widget_type=\"icon-box.default\">\n\t\t\t\t\t\t\t<div class=\"elementor-icon-box-wrapper\">\n\n\t\t\t\t\t\t<div class=\"elementor-icon-box-icon\">\n\t\t\t\t<span  class=\"elementor-icon\">\n\t\t\t\t<svg aria-hidden=\"true\" class=\"e-font-icon-svg e-far-envelope-open\" viewbox=\"0 0 512 512\" xmlns=\"http:\/\/www.w3.org\/2000\/svg\"><path d=\"M494.586 164.516c-4.697-3.883-111.723-89.95-135.251-108.657C337.231 38.191 299.437 0 256 0c-43.205 0-80.636 37.717-103.335 55.859-24.463 19.45-131.07 105.195-135.15 108.549A48.004 48.004 0 0 0 0 201.485V464c0 26.51 21.49 48 48 48h416c26.51 0 48-21.49 48-48V201.509a48 48 0 0 0-17.414-36.993zM464 458a6 6 0 0 1-6 6H54a6 6 0 0 1-6-6V204.347c0-1.813.816-3.526 2.226-4.665 15.87-12.814 108.793-87.554 132.364-106.293C200.755 78.88 232.398 48 256 48c23.693 0 55.857 31.369 73.41 45.389 23.573 18.741 116.503 93.493 132.366 106.316a5.99 5.99 0 0 1 2.224 4.663V458zm-31.991-187.704c4.249 5.159 3.465 12.795-1.745 16.981-28.975 23.283-59.274 47.597-70.929 56.863C336.636 362.283 299.205 400 256 400c-43.452 0-81.287-38.237-103.335-55.86-11.279-8.967-41.744-33.413-70.927-56.865-5.21-4.187-5.993-11.822-1.745-16.981l15.258-18.528c4.178-5.073 11.657-5.843 16.779-1.726 28.618 23.001 58.566 47.035 70.56 56.571C200.143 320.631 232.307 352 256 352c23.602 0 55.246-30.88 73.41-45.389 11.994-9.535 41.944-33.57 70.563-56.568 5.122-4.116 12.601-3.346 16.778 1.727l15.258 18.526z\"><\/path><\/svg>\t\t\t\t<\/span>\n\t\t\t<\/div>\n\t\t\t\n\t\t\t\t\t\t<div class=\"elementor-icon-box-content\">\n\n\t\t\t\t\t\t\t\t\t<h3 class=\"elementor-icon-box-title\">\n\t\t\t\t\t\t<span  >\n\t\t\t\t\t\t\thello@fit-up.com\t\t\t\t\t\t<\/span>\n\t\t\t\t\t<\/h3>\n\t\t\t\t\n\t\t\t\t\t\t\t\t\t<p class=\"elementor-icon-box-description\">\n\t\t\t\t\t\tContact us\t\t\t\t\t<\/p>\n\t\t\t\t\n\t\t\t<\/div>\n\t\t\t\n\t\t<\/div>\n\t\t\t\t\t\t<\/div>\n\t\t\t\t<\/div>\n\t\t<div data-particle_enable=\"false\" data-particle-mobile-disabled=\"false\" class=\"elementor-element elementor-element-967033d e-con-full animated-fast list-item-ac e-flex elementor-invisible e-con e-child\" data-id=\"967033d\" data-element_type=\"container\" data-e-type=\"container\" data-settings=\"{&quot;background_background&quot;:&quot;classic&quot;,&quot;animation&quot;:&quot;slideInUp&quot;,&quot;animation_delay&quot;:100}\">\n\t\t\t\t<div class=\"elementor-element elementor-element-27f36d7 elementor-widget__width-inherit elementor-view-stacked elementor-position-inline-start elementor-shape-circle elementor-mobile-position-block-start elementor-widget elementor-widget-icon-box\" data-id=\"27f36d7\" data-element_type=\"widget\" data-e-type=\"widget\" data-widget_type=\"icon-box.default\">\n\t\t\t\t\t\t\t<div class=\"elementor-icon-box-wrapper\">\n\n\t\t\t\t\t\t<div class=\"elementor-icon-box-icon\">\n\t\t\t\t<span  class=\"elementor-icon\">\n\t\t\t\t<svg xmlns=\"http:\/\/www.w3.org\/2000\/svg\" width=\"24\" height=\"24\" viewbox=\"0 0 24 24\" fill=\"none\"><path fill-rule=\"evenodd\" clip-rule=\"evenodd\" d=\"M11.8625 2.00005H12.1377C12.9331 1.99962 13.5237 1.9993 14.0354 2.13639C15.4157 2.50626 16.4939 3.58445 16.8638 4.96482C16.9462 5.27226 16.9789 5.60823 16.9919 6H18.8385C19.3657 5.99998 19.8205 5.99997 20.195 6.03057C20.5904 6.06287 20.9836 6.13419 21.362 6.32698C21.9265 6.6146 22.3854 7.07354 22.673 7.63803C22.8658 8.01641 22.9371 8.40963 22.9694 8.80497C23 9.17954 23 9.6343 23 10.1614V17.8386C23 18.3657 23 18.8205 22.9694 19.195C22.9371 19.5904 22.8658 19.9836 22.673 20.362C22.3854 20.9265 21.9265 21.3854 21.362 21.673C20.9836 21.8658 20.5904 21.9371 20.195 21.9694C19.8205 22 19.3658 22 18.8387 22H5.16148C4.63439 22 4.17951 22 3.80498 21.9694C3.40963 21.9371 3.01641 21.8658 2.63803 21.673C2.07355 21.3854 1.6146 20.9265 1.32698 20.362C1.13419 19.9836 1.06287 19.5904 1.03057 19.195C0.999971 18.8205 0.999985 18.3657 1 17.8386V10.1615C0.999985 9.63434 0.999971 9.17953 1.03057 8.80497C1.06287 8.40963 1.13419 8.01641 1.32698 7.63803C1.6146 7.07354 2.07355 6.6146 2.63803 6.32698C3.01641 6.13419 3.40963 6.06287 3.80498 6.03057C4.17954 5.99997 4.63431 5.99998 5.16145 6H7.00832C7.02125 5.60823 7.05402 5.27226 7.13639 4.96482C7.50626 3.58445 8.58445 2.50626 9.96482 2.13639C10.4765 1.9993 11.0671 1.99962 11.8625 2.00005ZM9.00996 6C9.01915 5.74249 9.03642 5.60123 9.06825 5.48246C9.25318 4.79227 9.79228 4.25318 10.4825 4.06824C10.7047 4.00869 11.0057 4.0001 12.0001 4.0001C12.9945 4.0001 13.2955 4.00869 13.5177 4.06824C14.2079 4.25318 14.747 4.79227 14.9319 5.48246C14.9638 5.60123 14.981 5.74249 14.9902 6H9.00996ZM8 9C8.55229 9 9 9.44772 9 10V18C9 18.5523 8.55229 19 8 19C7.44772 19 7 18.5523 7 18V10C7 9.44772 7.44772 9 8 9ZM17 10C17 9.44772 16.5523 9 16 9C15.4477 9 15 9.44772 15 10V18C15 18.5523 15.4477 19 16 19C16.5523 19 17 18.5523 17 18V10Z\" fill=\"white\"><\/path><\/svg>\t\t\t\t<\/span>\n\t\t\t<\/div>\n\t\t\t\n\t\t\t\t\t\t<div class=\"elementor-icon-box-content\">\n\n\t\t\t\t\t\t\t\t\t<h3 class=\"elementor-icon-box-title\">\n\t\t\t\t\t\t<span  >\n\t\t\t\t\t\t\tLimited liability company\t\t\t\t\t\t<\/span>\n\t\t\t\t\t<\/h3>\n\t\t\t\t\n\t\t\t\t\t\t\t\t\t<p class=\"elementor-icon-box-description\">\n\t\t\t\t\t\tLtd.\t\t\t\t\t<\/p>\n\t\t\t\t\n\t\t\t<\/div>\n\t\t\t\n\t\t<\/div>\n\t\t\t\t\t\t<\/div>\n\t\t\t\t<\/div>\n\t\t<div data-particle_enable=\"false\" data-particle-mobile-disabled=\"false\" class=\"elementor-element elementor-element-5db81bd e-con-full animated-fast list-item-ac e-flex elementor-invisible e-con e-child\" data-id=\"5db81bd\" data-element_type=\"container\" data-e-type=\"container\" data-settings=\"{&quot;background_background&quot;:&quot;classic&quot;,&quot;animation&quot;:&quot;slideInUp&quot;,&quot;animation_delay&quot;:200}\">\n\t\t\t\t<div class=\"elementor-element elementor-element-d51abb5 elementor-widget__width-inherit elementor-view-stacked elementor-position-inline-start elementor-shape-circle elementor-mobile-position-block-start elementor-widget elementor-widget-icon-box\" data-id=\"d51abb5\" data-element_type=\"widget\" data-e-type=\"widget\" data-widget_type=\"icon-box.default\">\n\t\t\t\t\t\t\t<div class=\"elementor-icon-box-wrapper\">\n\n\t\t\t\t\t\t<div class=\"elementor-icon-box-icon\">\n\t\t\t\t<span  class=\"elementor-icon\">\n\t\t\t\t<svg xmlns=\"http:\/\/www.w3.org\/2000\/svg\" width=\"24\" height=\"24\" viewbox=\"0 0 24 24\" fill=\"none\"><path fill-rule=\"evenodd\" clip-rule=\"evenodd\" d=\"M12 1C5.92487 1 1 5.92487 1 12C1 18.0751 5.92487 23 12 23C18.0751 23 23 18.0751 23 12C23 5.92487 18.0751 1 12 1ZM12 7C11.4477 7 11 7.44772 11 8C11 8.55228 11.4477 9 12 9H12.01C12.5623 9 13.01 8.55228 13.01 8C13.01 7.44772 12.5623 7 12.01 7H12ZM13 12C13 11.4477 12.5523 11 12 11C11.4477 11 11 11.4477 11 12V16C11 16.5523 11.4477 17 12 17C12.5523 17 13 16.5523 13 16V12Z\" fill=\"white\"><\/path><\/svg>\t\t\t\t<\/span>\n\t\t\t<\/div>\n\t\t\t\n\t\t\t\t\t\t<div class=\"elementor-icon-box-content\">\n\n\t\t\t\t\t\t\t\t\t<h3 class=\"elementor-icon-box-title\">\n\t\t\t\t\t\t<span  >\n\t\t\t\t\t\t\tLinz Regional Court\t\t\t\t\t\t<\/span>\n\t\t\t\t\t<\/h3>\n\t\t\t\t\n\t\t\t\t\t\t\t\t\t<p class=\"elementor-icon-box-description\">\n\t\t\t\t\t\tCommercial register court\t\t\t\t\t<\/p>\n\t\t\t\t\n\t\t\t<\/div>\n\t\t\t\n\t\t<\/div>\n\t\t\t\t\t\t<\/div>\n\t\t\t\t<\/div>\n\t\t<div data-particle_enable=\"false\" data-particle-mobile-disabled=\"false\" class=\"elementor-element elementor-element-aea2264 e-con-full animated-fast list-item-ac e-flex elementor-invisible e-con e-child\" data-id=\"aea2264\" data-element_type=\"container\" data-e-type=\"container\" data-settings=\"{&quot;background_background&quot;:&quot;classic&quot;,&quot;animation&quot;:&quot;slideInUp&quot;,&quot;animation_delay&quot;:300}\">\n\t\t\t\t<div class=\"elementor-element elementor-element-f4452f1 elementor-widget__width-inherit elementor-view-stacked elementor-position-inline-start elementor-shape-circle elementor-mobile-position-block-start elementor-widget elementor-widget-icon-box\" data-id=\"f4452f1\" data-element_type=\"widget\" data-e-type=\"widget\" data-widget_type=\"icon-box.default\">\n\t\t\t\t\t\t\t<div class=\"elementor-icon-box-wrapper\">\n\n\t\t\t\t\t\t<div class=\"elementor-icon-box-icon\">\n\t\t\t\t<span  class=\"elementor-icon\">\n\t\t\t\t<svg xmlns=\"http:\/\/www.w3.org\/2000\/svg\" width=\"24\" height=\"24\" viewbox=\"0 0 24 24\" fill=\"none\"><path fill-rule=\"evenodd\" clip-rule=\"evenodd\" d=\"M2 21C2 20.4477 2.44772 20 3 20H21C21.5523 20 22 20.4477 22 21C22 21.5523 21.5523 22 21 22H3C2.44772 22 2 21.5523 2 21Z\" fill=\"white\"><\/path><path fill-rule=\"evenodd\" clip-rule=\"evenodd\" d=\"M6 8.99998C6.55228 8.99998 7 9.44769 7 9.99998V18C7 18.5523 6.55228 19 6 19C5.44772 19 5 18.5523 5 18V9.99998C5 9.44769 5.44772 8.99998 6 8.99998Z\" fill=\"white\"><\/path><path fill-rule=\"evenodd\" clip-rule=\"evenodd\" d=\"M10 8.99998C10.5523 8.99998 11 9.44769 11 9.99998V18C11 18.5523 10.5523 19 10 19C9.44772 19 9 18.5523 9 18V9.99998C9 9.44769 9.44772 8.99998 10 8.99998Z\" fill=\"white\"><\/path><path fill-rule=\"evenodd\" clip-rule=\"evenodd\" d=\"M14 8.99998C14.5523 8.99998 15 9.44769 15 9.99998V18C15 18.5523 14.5523 19 14 19C13.4477 19 13 18.5523 13 18V9.99998C13 9.44769 13.4477 8.99998 14 8.99998Z\" fill=\"white\"><\/path><path fill-rule=\"evenodd\" clip-rule=\"evenodd\" d=\"M18 8.99998C18.5523 8.99998 19 9.44769 19 9.99998V18C19 18.5523 18.5523 19 18 19C17.4477 19 17 18.5523 17 18V9.99998C17 9.44769 17.4477 8.99998 18 8.99998Z\" fill=\"white\"><\/path><path fill-rule=\"evenodd\" clip-rule=\"evenodd\" d=\"M11.6676 1.12689C11.8864 1.07717 12.1136 1.07717 12.3324 1.12689C12.5922 1.18593 12.8162 1.32904 12.9242 1.39803C12.9354 1.40521 12.9454 1.41158 12.954 1.41698L20.53 6.15198C20.9083 6.38841 21.0842 6.84684 20.9612 7.27566C20.8383 7.70448 20.4461 7.99998 20 7.99998H4C3.55389 7.99998 3.16174 7.70448 3.03875 7.27566C2.91577 6.84684 3.0917 6.38841 3.47 6.15198L11.046 1.41698C11.0546 1.41158 11.0646 1.40521 11.0758 1.39803C11.1838 1.32904 11.4078 1.18593 11.6676 1.12689Z\" fill=\"white\"><\/path><\/svg>\t\t\t\t<\/span>\n\t\t\t<\/div>\n\t\t\t\n\t\t\t\t\t\t<div class=\"elementor-icon-box-content\">\n\n\t\t\t\t\t\t\t\t\t<h3 class=\"elementor-icon-box-title\">\n\t\t\t\t\t\t<span  >\n\t\t\t\t\t\t\tFN 518159z\t\t\t\t\t\t<\/span>\n\t\t\t\t\t<\/h3>\n\t\t\t\t\n\t\t\t\t\t\t\t\t\t<p class=\"elementor-icon-box-description\">\n\t\t\t\t\t\tCompany register number\t\t\t\t\t<\/p>\n\t\t\t\t\n\t\t\t<\/div>\n\t\t\t\n\t\t<\/div>\n\t\t\t\t\t\t<\/div>\n\t\t\t\t<\/div>\n\t\t<div data-particle_enable=\"false\" data-particle-mobile-disabled=\"false\" class=\"elementor-element elementor-element-a0bf0bf e-con-full animated-fast list-item-ac e-flex elementor-invisible e-con e-child\" data-id=\"a0bf0bf\" data-element_type=\"container\" data-e-type=\"container\" data-settings=\"{&quot;background_background&quot;:&quot;classic&quot;,&quot;animation&quot;:&quot;slideInUp&quot;,&quot;animation_delay&quot;:400}\">\n\t\t\t\t<div class=\"elementor-element elementor-element-714f604 elementor-widget__width-inherit elementor-view-stacked elementor-position-inline-start elementor-shape-circle elementor-mobile-position-block-start elementor-widget elementor-widget-icon-box\" data-id=\"714f604\" data-element_type=\"widget\" data-e-type=\"widget\" data-widget_type=\"icon-box.default\">\n\t\t\t\t\t\t\t<div class=\"elementor-icon-box-wrapper\">\n\n\t\t\t\t\t\t<div class=\"elementor-icon-box-icon\">\n\t\t\t\t<span  class=\"elementor-icon\">\n\t\t\t\t<svg xmlns=\"http:\/\/www.w3.org\/2000\/svg\" width=\"24\" height=\"24\" viewbox=\"0 0 24 24\" fill=\"none\"><path fill-rule=\"evenodd\" clip-rule=\"evenodd\" d=\"M1.44218 4.76103C1.62942 4.45549 1.88333 4.20206 2.17131 3.91461L3.91461 2.17131C4.20206 1.88333 4.45549 1.62942 4.76103 1.44218C5.02945 1.27769 5.32208 1.15648 5.62819 1.08299C5.97664 0.999338 6.33539 0.999672 6.74228 1.00005L9.75793 1.00005C10.1648 0.999673 10.5236 0.99934 10.872 1.08299C11.1781 1.15648 11.4708 1.2777 11.7392 1.44218C12.0447 1.62942 12.2981 1.88333 12.5856 2.17131L20.3423 9.92807C20.9115 10.4973 21.3813 10.967 21.7327 11.381C22.0977 11.8109 22.3934 12.246 22.5617 12.764C22.8227 13.5674 22.8227 14.4328 22.5617 15.2362C22.3934 15.7542 22.0977 16.1893 21.7327 16.6192C21.3813 17.0331 20.9115 17.5029 20.3423 18.0721L18.0721 20.3423C17.5029 20.9115 17.0331 21.3813 16.6192 21.7327C16.1893 22.0977 15.7542 22.3934 15.2362 22.5617C14.4328 22.8227 13.5674 22.8227 12.764 22.5617C12.246 22.3934 11.8109 22.0977 11.381 21.7327C10.967 21.3813 10.4973 20.9115 9.92808 20.3423L2.17131 12.5856C1.88332 12.2981 1.62942 12.0447 1.44218 11.7392C1.27769 11.4708 1.15648 11.1781 1.08299 10.872C0.999338 10.5236 0.999672 10.1648 1.00005 9.75793L1.00005 6.74228C0.999672 6.33538 0.999338 5.97664 1.08299 5.62819C1.15648 5.32208 1.2777 5.02945 1.44218 4.76103ZM8.00012 6C6.89555 6 6.00012 6.89543 6.00012 8C6.00012 9.10457 6.89555 10 8.00012 10C9.10469 10 10.0001 9.10457 10.0001 8C10.0001 6.89543 9.10469 6 8.00012 6Z\" fill=\"white\"><\/path><\/svg>\t\t\t\t<\/span>\n\t\t\t<\/div>\n\t\t\t\n\t\t\t\t\t\t<div class=\"elementor-icon-box-content\">\n\n\t\t\t\t\t\t\t\t\t<h3 class=\"elementor-icon-box-title\">\n\t\t\t\t\t\t<span  >\n\t\t\t\t\t\t\tCoaching services in the areas of sport, fitness and health\t\t\t\t\t\t<\/span>\n\t\t\t\t\t<\/h3>\n\t\t\t\t\n\t\t\t\t\t\t\t\t\t<p class=\"elementor-icon-box-description\">\n\t\t\t\t\t\tBusiness activities\t\t\t\t\t<\/p>\n\t\t\t\t\n\t\t\t<\/div>\n\t\t\t\n\t\t<\/div>\n\t\t\t\t\t\t<\/div>\n\t\t\t\t<\/div>\n\t\t<div data-particle_enable=\"false\" data-particle-mobile-disabled=\"false\" class=\"elementor-element elementor-element-87fc78a e-con-full animated-fast list-item-ac e-flex elementor-invisible e-con e-child\" data-id=\"87fc78a\" data-element_type=\"container\" data-e-type=\"container\" data-settings=\"{&quot;background_background&quot;:&quot;classic&quot;,&quot;animation&quot;:&quot;slideInUp&quot;,&quot;animation_delay&quot;:500}\">\n\t\t\t\t<div class=\"elementor-element elementor-element-d53f5e4 elementor-widget__width-inherit elementor-view-stacked elementor-position-inline-start elementor-shape-circle elementor-mobile-position-block-start elementor-widget elementor-widget-icon-box\" data-id=\"d53f5e4\" data-element_type=\"widget\" data-e-type=\"widget\" data-widget_type=\"icon-box.default\">\n\t\t\t\t\t\t\t<div class=\"elementor-icon-box-wrapper\">\n\n\t\t\t\t\t\t<div class=\"elementor-icon-box-icon\">\n\t\t\t\t<span  class=\"elementor-icon\">\n\t\t\t\t<svg xmlns=\"http:\/\/www.w3.org\/2000\/svg\" width=\"24\" height=\"24\" viewbox=\"0 0 24 24\" fill=\"none\"><path fill-rule=\"evenodd\" clip-rule=\"evenodd\" d=\"M5 1C3.34315 1 2 2.34315 2 4V17C2 18.6569 3.34315 20 5 20H5.098L8.13646 22.9143C8.52918 23.291 9.151 23.2845 9.53578 22.8998L12.0107 20.4248L14.4857 22.8998C14.8714 23.2855 15.495 23.291 15.8874 22.9121L18.9039 20H19C20.6569 20 22 18.6569 22 17V4C22 2.34315 20.6569 1 19 1H5ZM15.875 17.7892C15.426 18.5476 14.7608 19.1628 13.9642 19.5498L15.2052 20.7908L17.0732 18.9874L15.875 17.7892ZM12.007 17.9999L12.0144 17.9999L12.0246 17.9999C13.394 17.9867 14.5 16.8725 14.5 15.5C14.5 14.1193 13.3807 13 12 13C10.6193 13 9.5 14.1193 9.5 15.5C9.5 16.8769 10.6132 17.9939 11.9887 18L12.006 17.9999L12.007 17.9999ZM8.81408 20.793L10.0503 19.5568C9.24726 19.1702 8.57667 18.5522 8.12497 17.7892L6.92912 18.9851L8.81408 20.793ZM8 6C8 5.44772 8.44772 5 9 5H15C15.5523 5 16 5.44772 16 6C16 6.55228 15.5523 7 15 7H9C8.44772 7 8 6.55228 8 6ZM7 8.5C6.44772 8.5 6 8.94772 6 9.5C6 10.0523 6.44772 10.5 7 10.5H17C17.5523 10.5 18 10.0523 18 9.5C18 8.94772 17.5523 8.5 17 8.5H7Z\" fill=\"white\"><\/path><\/svg>\t\t\t\t<\/span>\n\t\t\t<\/div>\n\t\t\t\n\t\t\t\t\t\t<div class=\"elementor-icon-box-content\">\n\n\t\t\t\t\t\t\t\t\t<h3 class=\"elementor-icon-box-title\">\n\t\t\t\t\t\t<span  >\n\t\t\t\t\t\t\tATU74709238\t\t\t\t\t\t<\/span>\n\t\t\t\t\t<\/h3>\n\t\t\t\t\n\t\t\t\t\t\t\t\t\t<p class=\"elementor-icon-box-description\">\n\t\t\t\t\t\tVAT number\t\t\t\t\t<\/p>\n\t\t\t\t\n\t\t\t<\/div>\n\t\t\t\n\t\t<\/div>\n\t\t\t\t\t\t<\/div>\n\t\t\t\t<\/div>\n\t\t<div data-particle_enable=\"false\" data-particle-mobile-disabled=\"false\" class=\"elementor-element elementor-element-879c0da e-con-full animated-fast list-item-ac e-flex elementor-invisible e-con e-child\" data-id=\"879c0da\" data-element_type=\"container\" data-e-type=\"container\" data-settings=\"{&quot;background_background&quot;:&quot;classic&quot;,&quot;animation&quot;:&quot;slideInUp&quot;,&quot;animation_delay&quot;:600}\">\n\t\t\t\t<div class=\"elementor-element elementor-element-9fd9e39 elementor-widget__width-inherit elementor-view-stacked elementor-position-inline-start elementor-shape-circle elementor-mobile-position-block-start elementor-widget elementor-widget-icon-box\" data-id=\"9fd9e39\" data-element_type=\"widget\" data-e-type=\"widget\" data-widget_type=\"icon-box.default\">\n\t\t\t\t\t\t\t<div class=\"elementor-icon-box-wrapper\">\n\n\t\t\t\t\t\t<div class=\"elementor-icon-box-icon\">\n\t\t\t\t<span  class=\"elementor-icon\">\n\t\t\t\t<svg xmlns=\"http:\/\/www.w3.org\/2000\/svg\" width=\"24\" height=\"24\" viewbox=\"0 0 24 24\" fill=\"none\"><path fill-rule=\"evenodd\" clip-rule=\"evenodd\" d=\"M12 1C5.92487 1 1 5.92487 1 12C1 18.0751 5.92487 23 12 23C18.0751 23 23 18.0751 23 12C23 5.92487 18.0751 1 12 1ZM17.2071 9.70711C17.5976 9.31658 17.5976 8.68342 17.2071 8.29289C16.8166 7.90237 16.1834 7.90237 15.7929 8.29289L10.5 13.5858L8.20711 11.2929C7.81658 10.9024 7.18342 10.9024 6.79289 11.2929C6.40237 11.6834 6.40237 12.3166 6.79289 12.7071L9.79289 15.7071C10.1834 16.0976 10.8166 16.0976 11.2071 15.7071L17.2071 9.70711Z\" fill=\"white\"><\/path><\/svg>\t\t\t\t<\/span>\n\t\t\t<\/div>\n\t\t\t\n\t\t\t\t\t\t<div class=\"elementor-icon-box-content\">\n\n\t\t\t\t\t\t\t\t\t<h3 class=\"elementor-icon-box-title\">\n\t\t\t\t\t\t<span  >\n\t\t\t\t\t\t\tMember of the WKO\t\t\t\t\t\t<\/span>\n\t\t\t\t\t<\/h3>\n\t\t\t\t\n\t\t\t\t\t\t\t\t\t<p class=\"elementor-icon-box-description\">\n\t\t\t\t\t\tAustrian Federal Economic Chamber\t\t\t\t\t<\/p>\n\t\t\t\t\n\t\t\t<\/div>\n\t\t\t\n\t\t<\/div>\n\t\t\t\t\t\t<\/div>\n\t\t\t\t<\/div>\n\t\t<div data-particle_enable=\"false\" data-particle-mobile-disabled=\"false\" class=\"elementor-element elementor-element-1bf9c80 e-con-full animated-fast list-item-ac e-flex elementor-invisible e-con e-child\" data-id=\"1bf9c80\" data-element_type=\"container\" data-e-type=\"container\" data-settings=\"{&quot;background_background&quot;:&quot;classic&quot;,&quot;animation&quot;:&quot;slideInUp&quot;,&quot;animation_delay&quot;:700}\">\n\t\t\t\t<div class=\"elementor-element elementor-element-3390816 elementor-widget__width-inherit elementor-view-stacked elementor-position-inline-start elementor-shape-circle elementor-mobile-position-block-start elementor-widget elementor-widget-icon-box\" data-id=\"3390816\" data-element_type=\"widget\" data-e-type=\"widget\" data-widget_type=\"icon-box.default\">\n\t\t\t\t\t\t\t<div class=\"elementor-icon-box-wrapper\">\n\n\t\t\t\t\t\t<div class=\"elementor-icon-box-icon\">\n\t\t\t\t<span  class=\"elementor-icon\">\n\t\t\t\t<svg xmlns=\"http:\/\/www.w3.org\/2000\/svg\" width=\"24\" height=\"24\" viewbox=\"0 0 24 24\" fill=\"none\"><path fill-rule=\"evenodd\" clip-rule=\"evenodd\" d=\"M3 10C3 5.02944 7.02944 1 12 1C16.9706 1 21 5.02944 21 10C21 12.5262 19.8532 14.7402 18.2923 16.767C16.988 18.4606 15.3183 20.1158 13.6506 21.769L13.6495 21.7702C13.3345 22.0825 13.0195 22.3947 12.7071 22.7071C12.3166 23.0976 11.6834 23.0976 11.2929 22.7071C10.9803 22.3945 10.6644 22.0813 10.3492 21.7688C8.68146 20.1156 7.01205 18.4606 5.70772 16.767C4.14683 14.7402 3 12.5262 3 10ZM15 10C15 11.6569 13.6569 13 12 13C10.3431 13 9 11.6569 9 10C9 8.34315 10.3431 7 12 7C13.6569 7 15 8.34315 15 10Z\" fill=\"white\"><\/path><\/svg>\t\t\t\t<\/span>\n\t\t\t<\/div>\n\t\t\t\n\t\t\t\t\t\t<div class=\"elementor-icon-box-content\">\n\n\t\t\t\t\t\t\t\t\t<h3 class=\"elementor-icon-box-title\">\n\t\t\t\t\t\t<span  >\n\t\t\t\t\t\t\tLinz City Council\t\t\t\t\t\t<\/span>\n\t\t\t\t\t<\/h3>\n\t\t\t\t\n\t\t\t\t\t\t\t\t\t<p class=\"elementor-icon-box-description\">\n\t\t\t\t\t\tSupervisory authority \/ trade authority\t\t\t\t\t<\/p>\n\t\t\t\t\n\t\t\t<\/div>\n\t\t\t\n\t\t<\/div>\n\t\t\t\t\t\t<\/div>\n\t\t\t\t<\/div>\n\t\t\t\t<\/div>\n\t\t\t\t<\/div>\n\t\t\t\t\t<\/div>\n\t\t\t\t<\/div>\n\t\t\t\t<\/div>","protected":false},"excerpt":{"rendered":"<p>Fit-Up GmbHHarrachstra\u00dfe 12,\u00a04020 Linz, \u00d6sterreich Gesch\u00e4ftsf\u00fchrer:DI (FH) Shahab Daban, MSc Angaben zur Online-Streitbeilegung: Verbraucher haben die M\u00f6glichkeit, Beschwerden an die Online Streitbeilegungsplattform der EU zu richten unter: http:\/\/ec.europa.eu\/odr. Sie k\u00f6nnen allf\u00e4llige Beschwerden auch an die oben angegebenen E-Mail Adressen richten. hello@fit-up.com Kontakt Gesellschaft mit beschr\u00e4nkter Haftung GmbH Landesgericht Linz Firmenbuchgericht FN 518159z Firmenbuchnummer Coaching-Leistungen im [&hellip;]<\/p>","protected":false},"author":1,"featured_media":0,"parent":0,"menu_order":0,"comment_status":"closed","ping_status":"closed","template":"","meta":{"footnotes":""},"class_list":["post-21246","page","type-page","status-publish","hentry"],"aioseo_notices":[],"_links":{"self":[{"href":"https:\/\/courses.fit-up.me\/en\/wp-json\/wp\/v2\/pages\/21246","targetHints":{"allow":["GET"]}}],"collection":[{"href":"https:\/\/courses.fit-up.me\/en\/wp-json\/wp\/v2\/pages"}],"about":[{"href":"https:\/\/courses.fit-up.me\/en\/wp-json\/wp\/v2\/types\/page"}],"author":[{"embeddable":true,"href":"https:\/\/courses.fit-up.me\/en\/wp-json\/wp\/v2\/users\/1"}],"replies":[{"embeddable":true,"href":"https:\/\/courses.fit-up.me\/en\/wp-json\/wp\/v2\/comments?post=21246"}],"version-history":[{"count":16,"href":"https:\/\/courses.fit-up.me\/en\/wp-json\/wp\/v2\/pages\/21246\/revisions"}],"predecessor-version":[{"id":21972,"href":"https:\/\/courses.fit-up.me\/en\/wp-json\/wp\/v2\/pages\/21246\/revisions\/21972"}],"wp:attachment":[{"href":"https:\/\/courses.fit-up.me\/en\/wp-json\/wp\/v2\/media?parent=21246"}],"curies":[{"name":"wp","href":"https:\/\/api.w.org\/{rel}","templated":true}]}}