{"id":14048,"date":"2021-12-27T18:43:21","date_gmt":"2021-12-27T18:43:21","guid":{"rendered":"https:\/\/thepixelcurve.com\/wp\/lmsmart\/lp\/?page_id=14048"},"modified":"2025-01-21T15:23:14","modified_gmt":"2025-01-21T14:23:14","slug":"faqs","status":"publish","type":"page","link":"https:\/\/courses.fit-up.me\/hr\/faqs\/","title":{"rendered":"FAQ"},"content":{"rendered":"<div data-elementor-type=\"wp-page\" data-elementor-id=\"14048\" class=\"elementor elementor-14048\" data-elementor-post-type=\"page\">\n\t\t\t\t<div data-particle_enable=\"false\" data-particle-mobile-disabled=\"false\" class=\"elementor-element elementor-element-855783d e-flex e-con-boxed e-con e-parent\" data-id=\"855783d\" data-element_type=\"container\" data-e-type=\"container\" data-settings=\"{&quot;background_background&quot;:&quot;classic&quot;}\">\n\t\t\t\t\t<div class=\"e-con-inner\">\n\t\t\t\t<div class=\"elementor-element elementor-element-82c8ff2 elementor-widget elementor-widget-heading\" data-id=\"82c8ff2\" data-element_type=\"widget\" data-e-type=\"widget\" data-widget_type=\"heading.default\">\n\t\t\t\t\t<h1 class=\"elementor-heading-title elementor-size-default\">FAQ<\/h1>\t\t\t\t<\/div>\n\t\t\t\t\t<\/div>\n\t\t\t\t<\/div>\n\t\t<div data-particle_enable=\"false\" data-particle-mobile-disabled=\"false\" class=\"elementor-element elementor-element-0ec70b6 e-flex e-con-boxed e-con e-parent\" data-id=\"0ec70b6\" data-element_type=\"container\" data-e-type=\"container\">\n\t\t\t\t\t<div class=\"e-con-inner\">\n\t\t\t\t<div class=\"elementor-element elementor-element-3183f0a acenter a-mobilecenter elementor-widget elementor-widget-tpc-double-headings\" data-id=\"3183f0a\" data-element_type=\"widget\" data-e-type=\"widget\" data-widget_type=\"tpc-double-headings.default\">\n\t\t\t\t<div class=\"elementor-widget-container\">\n\t\t\t\t\t<div class=\"tpc-double_heading\"><h3 class=\"dbl__title-wrapper\">                                    <span class=\"dbl__title dbl-title_1\">\u010cesto postavljana pitanja<\/span><\/h3><\/div>\t\t\t\t<\/div>\n\t\t\t\t<\/div>\n\t\t<div data-particle_enable=\"false\" data-particle-mobile-disabled=\"false\" class=\"elementor-element elementor-element-a36199f e-con-full e-flex e-con e-child\" data-id=\"a36199f\" data-element_type=\"container\" data-e-type=\"container\">\n\t\t\t\t<div class=\"elementor-element elementor-element-379600b elementor-view-framed elementor-widget__width-initial elementor-widget-tablet__width-inherit elementor-widget elementor-widget-tpc-toggle-accordion\" data-id=\"379600b\" data-element_type=\"widget\" data-e-type=\"widget\" data-widget_type=\"tpc-toggle-accordion.default\">\n\t\t\t\t<div class=\"elementor-widget-container\">\n\t\t\t\t\t<div class=\"tpc-accordion icon-custom\" id=\"tpc-accordion-379600b\" data-type=\"accordion\"><div class=\"tpc-accordion_panel\"><h4 id=\"tpc-accordion_header-5821\" class=\"tpc-accordion_header\" data-default=\"yes\"><span class=\"tpc-accordion_title\">Za\u0161to biste trebali napraviti stranicu s \u010desto postavljanim pitanjima<\/span><i class=\"tpc-accordion_icon elementor-icon fa fa-chevron-right\"><\/i><\/h4><div class=\"tpc-accordion_content\"><p>Stranica s \u010desto postavljanim pitanjima taktika je korisni\u010dke slu\u017ebe koja \u0161tedi vrijeme i pru\u017ea naj\u010de\u0161\u0107e postavljana pitanja i odgovore za trenutne ili potencijalne kupce. Prije nego \u0161to se upustite u izradu \u010cPP<\/p><\/div><\/div><div class=\"tpc-accordion_panel\"><h4 id=\"tpc-accordion_header-5822\" class=\"tpc-accordion_header\" data-default=\"\"><span class=\"tpc-accordion_title\">Objavite stranicu s \u010desto postavljanim pitanjima na svojoj stranici<\/span><i class=\"tpc-accordion_icon elementor-icon fa fa-chevron-right\"><\/i><\/h4><div class=\"tpc-accordion_content\"><p>Kada va\u0161a stranica s \u010desto postavljanim pitanjima bude spremna, vrijeme je da je objavite na svojoj web stranici. Ve\u0107ina tvrtki pru\u017eit \u0107e poveznicu na stranicu s \u010desto postavljanim pitanjima na glavnoj navigacijskoj traci svoje web stranice, tako da bez obzira na to gdje se nalaze na web stranici, posjetitelji mogu oti\u0107i izravno na stranicu ako im je potrebna pomo\u0107<\/p><\/div><\/div><div class=\"tpc-accordion_panel\"><h4 id=\"tpc-accordion_header-5823\" class=\"tpc-accordion_header\" data-default=\"\"><span class=\"tpc-accordion_title\">Pratite izvedbu stranice s \u010desto postavljanim pitanjima<\/span><i class=\"tpc-accordion_icon elementor-icon fa fa-chevron-right\"><\/i><\/h4><div class=\"tpc-accordion_content\"><p>Uz aktivnu stranicu, kupci bi trebali biti uspje\u0161niji u pronala\u017eenju rje\u0161enja za uobi\u010dajene probleme. Da biste saznali je li to slu\u010daj, morat \u0107ete ponovno pregledati podatke o korisnicima koje ste upotrijebili za izradu stranice s \u010desto postavljanim pitanjima.<\/p><\/div><\/div><div class=\"tpc-accordion_panel\"><h4 id=\"tpc-accordion_header-5824\" class=\"tpc-accordion_header\" data-default=\"\"><span class=\"tpc-accordion_title\">Organizirajte pitanja po kategoriji<\/span><i class=\"tpc-accordion_icon elementor-icon fa fa-chevron-right\"><\/i><\/h4><div class=\"tpc-accordion_content\"><p>Ono \u0161to tako\u0111er mo\u017ee biti zamorno je nabrajanje svih pitanja nasumi\u010dnim redoslijedom. Ovo je posebno frustriraju\u0107e za korisnike koji imaju nekoliko povezanih pitanja u vezi s jednom temom.<\/p><\/div><\/div><\/div>\t\t\t\t<\/div>\n\t\t\t\t<\/div>\n\t\t\t\t<div class=\"elementor-element elementor-element-284278c elementor-view-framed elementor-widget__width-initial elementor-widget-tablet__width-inherit elementor-widget elementor-widget-tpc-toggle-accordion\" data-id=\"284278c\" data-element_type=\"widget\" data-e-type=\"widget\" data-widget_type=\"tpc-toggle-accordion.default\">\n\t\t\t\t<div class=\"elementor-widget-container\">\n\t\t\t\t\t<div class=\"tpc-accordion icon-custom\" id=\"tpc-accordion-284278c\" data-type=\"accordion\"><div class=\"tpc-accordion_panel\"><h4 id=\"tpc-accordion_header-4221\" class=\"tpc-accordion_header\" data-default=\"yes\"><span class=\"tpc-accordion_title\">Pi\u0161ite jasne i koncizne stranice<\/span><i class=\"tpc-accordion_icon elementor-icon fa fa-chevron-right\"><\/i><\/h4><div class=\"tpc-accordion_content\">\u0160to se ti\u010de stranica s \u010desto postavljanim pitanjima, &quot;\u0161to vi\u0161e to bolje&quot; zapravo je zabluda. Previ\u0161e teksta mo\u017ee na kraju biti previ\u0161e zbunjuju\u0107e, zbog \u010dega \u0107e \u010ditatelji morati tra\u017eiti odgovor koji im je potreban. <\/div><\/div><div class=\"tpc-accordion_panel\"><h4 id=\"tpc-accordion_header-4222\" class=\"tpc-accordion_header\" data-default=\"\"><span class=\"tpc-accordion_title\"> Redovito a\u017eurirajte svaku stranicu<\/span><i class=\"tpc-accordion_icon elementor-icon fa fa-chevron-right\"><\/i><\/h4><div class=\"tpc-accordion_content\">Svaka stranica s \u010desto postavljanim pitanjima mora biti to\u010dna. Dok se va\u0161a organizacija suo\u010dava s lansiranjem i a\u017euriranjem proizvoda, va\u0161e stranice s \u010desto postavljanim pitanjima tako\u0111er bi trebale odra\u017eavati te promjene. To zna\u010di da va\u0161 tim mora dosljedno pregledavati svaku stranicu i revidirati je nakon pokretanja novih zna\u010dajki<\/div><\/div><div class=\"tpc-accordion_panel\"><h4 id=\"tpc-accordion_header-4223\" class=\"tpc-accordion_header\" data-default=\"\"><span class=\"tpc-accordion_title\">Odredite svoja naj\u010de\u0161\u0107a pitanja.<\/span><i class=\"tpc-accordion_icon elementor-icon fa fa-chevron-right\"><\/i><\/h4><div class=\"tpc-accordion_content\">Kako va\u0161e poslovanje raste, trebali biste a\u017eurirati svoju stranicu s \u010desto postavljanim pitanjima kako biste uklju\u010dili sva nova pitanja koja s vremenom postanu popularna. Na primjer, ako objavite novi proizvod ili uslugu, morat \u0107ete a\u017eurirati svoju stranicu s \u010desto postavljanim pitanjima tako da uklju\u010duje i savjete za rje\u0161avanje problema za ovu ponudu.<\/div><\/div><div class=\"tpc-accordion_panel\"><h4 id=\"tpc-accordion_header-4224\" class=\"tpc-accordion_header\" data-default=\"\"><span class=\"tpc-accordion_title\">A\u017eurirajte sadr\u017eaj i dodajte vi\u0161e rje\u0161enja tijekom vremena<\/span><i class=\"tpc-accordion_icon elementor-icon fa fa-chevron-right\"><\/i><\/h4><div class=\"tpc-accordion_content\">Kako va\u0161e poslovanje raste, trebali biste a\u017eurirati svoju stranicu s \u010desto postavljanim pitanjima kako biste uklju\u010dili sva nova pitanja koja s vremenom postanu popularna. Na primjer, ako objavite novi proizvod ili uslugu, morat \u0107ete a\u017eurirati svoju stranicu s \u010desto postavljanim pitanjima tako da uklju\u010duje i savjete za rje\u0161avanje problema za ovu ponudu.<\/div><\/div><\/div>\t\t\t\t<\/div>\n\t\t\t\t<\/div>\n\t\t\t\t<\/div>\n\t\t\t\t\t<\/div>\n\t\t\t\t<\/div>\n\t\t\t\t<\/div>","protected":false},"excerpt":{"rendered":"<p>Frequently Asked Questions Why you should make an FAQ page An FAQ page is a time-saving customer service tactic that provides the most commonly asked questions and answers for current or potential customers.Before diving into how to make FAQ Publish the FAQ page on your site Once your FAQ page is ready, it&#8217;s time to [&hellip;]<\/p>","protected":false},"author":1,"featured_media":0,"parent":0,"menu_order":0,"comment_status":"closed","ping_status":"closed","template":"","meta":{"footnotes":""},"class_list":["post-14048","page","type-page","status-publish","hentry"],"aioseo_notices":[],"_links":{"self":[{"href":"https:\/\/courses.fit-up.me\/hr\/wp-json\/wp\/v2\/pages\/14048","targetHints":{"allow":["GET"]}}],"collection":[{"href":"https:\/\/courses.fit-up.me\/hr\/wp-json\/wp\/v2\/pages"}],"about":[{"href":"https:\/\/courses.fit-up.me\/hr\/wp-json\/wp\/v2\/types\/page"}],"author":[{"embeddable":true,"href":"https:\/\/courses.fit-up.me\/hr\/wp-json\/wp\/v2\/users\/1"}],"replies":[{"embeddable":true,"href":"https:\/\/courses.fit-up.me\/hr\/wp-json\/wp\/v2\/comments?post=14048"}],"version-history":[{"count":12,"href":"https:\/\/courses.fit-up.me\/hr\/wp-json\/wp\/v2\/pages\/14048\/revisions"}],"predecessor-version":[{"id":21961,"href":"https:\/\/courses.fit-up.me\/hr\/wp-json\/wp\/v2\/pages\/14048\/revisions\/21961"}],"wp:attachment":[{"href":"https:\/\/courses.fit-up.me\/hr\/wp-json\/wp\/v2\/media?parent=14048"}],"curies":[{"name":"wp","href":"https:\/\/api.w.org\/{rel}","templated":true}]}}